{"id":19,"date":"2016-12-21T09:05:23","date_gmt":"2016-12-21T08:05:23","guid":{"rendered":"http:\/\/weingutschreiber.de\/weingut\/?page_id=19"},"modified":"2026-03-04T08:06:16","modified_gmt":"2026-03-04T07:06:16","slug":"unser-weingut","status":"publish","type":"page","link":"https:\/\/weingutschreiber.de\/","title":{"rendered":"Willkommen"},"content":{"rendered":"<h1><strong><span style=\"color: #000000;\">WILLKOMMEN<\/span><\/strong><\/h1>\n<p><strong><span style=\"color: #8b0e13;\">Wir begr\u00fc\u00dfen Sie im Weingut Dr. Schreiber<\/span><\/strong><\/p>\n<p><strong>Ankommen \u2013 Erleben \u2013 Genie\u00dfen<\/strong><br \/>\nIm Weingut Dr. Schreiber k\u00f6nnen Sie in ganz unkomplizierter Atmosph\u00e4re Weine und Sekte von besonderer Qualit\u00e4t genie\u00dfen. Ob Gutsweine, Ortweine oder die besonderen Lagenweine, alle Weine stehen zum Verkosten bereit. Drei Generationen, ein gemeinsames Ziel: Elsbeth und Hans-Helmut Schreiber, Carmen und Andreas Schreiber sowie Julius Schreiber verbinden Erfahrung, Leidenschaft und neue Impulse. Gemeinsam f\u00fchren wir Sie gerne durch die Weinwelt der \u00bbDr. Schreiber Weine\u00ab. Wir freuen uns auf Ihren Besuch.<\/p>\n<p>Herzlichst Ihre Familien<\/p>\n<p><em>Carmen und Dr. Andreas Schreiber<br \/>\nJulius Schreiber<\/em><br \/>\n<em> Elsbeth und Hans-Helmut Schreiber<\/em><\/p>\n<p><img loading=\"lazy\" decoding=\"async\" class=\"alignnone wp-image-815 size-medium\" src=\"https:\/\/weingutschreiber.de\/wp-content\/uploads\/2026\/03\/Familie-Schreiber-300x200.jpg\" alt=\"\" width=\"300\" height=\"200\" srcset=\"https:\/\/weingutschreiber.de\/wp-content\/uploads\/2026\/03\/Familie-Schreiber-300x200.jpg 300w, https:\/\/weingutschreiber.de\/wp-content\/uploads\/2026\/03\/Familie-Schreiber-1024x682.jpg 1024w, https:\/\/weingutschreiber.de\/wp-content\/uploads\/2026\/03\/Familie-Schreiber-768x512.jpg 768w, https:\/\/weingutschreiber.de\/wp-content\/uploads\/2026\/03\/Familie-Schreiber-1536x1024.jpg 1536w, https:\/\/weingutschreiber.de\/wp-content\/uploads\/2026\/03\/Familie-Schreiber.jpg 2000w\" sizes=\"auto, (max-width: 300px) 100vw, 300px\" \/><\/p>\n<h2>BESUCH UND VERKOSTUNG<\/h2>\n<p>Besuchen Sie uns gerne w\u00e4hrend unserer \u00d6ffnungszeiten.<\/p>\n<p><strong>Unsere Gesch\u00e4ftszeiten<\/strong><br \/>\nMontags nach telefonischer Vereinbarung<br \/>\nDienstag \u2013 Freitag: 10 \u2013 12 Uhr und 15 \u2013 18 Uhr<br \/>\nSamstag: 10 \u2013\u200915 Uhr<br \/>\nSonn- und Feiertags geschlossen<\/p>\n<p>Selbstverst\u00e4ndlich haben Sie vor Ort die M\u00f6glichkeit, unsere Weine vor dem Kauf in aller Ruhe zu verkosten.<\/p>\n<p>F\u00fcr eine ausf\u00fchrliche und pers\u00f6nliche Beratung, zum Beispiel anl\u00e4sslich einer Hochzeit, eines Geburtstags oder eines anderen Festes, bitten wir Sie, vorab einen individuellen Termin mit uns zu vereinbaren. So k\u00f6nnen wir uns ganz in Ruhe Zeit f\u00fcr Ihre W\u00fcnsche nehmen und gemeinsam die passenden Weine ausw\u00e4hlen.<\/p>\n<p>Wir freuen uns auf Ihren Besuch!<\/p>\n<h2>WEINGUT DR. SCHREIBER<\/h2>\n<p>Fronstra\u00dfe 34<br \/>\n67550 Worms-Abenheim<\/p>\n<p>Telefon: 06242. 2275<br \/>\nTelefax: 06242. 60032<\/p>\n<p><a href=\"mailto:mail@weingutschreiber.de\">mail@weingutschreiber.de<\/a><\/p>\n<p><a href=\"https:\/\/weinstore.net\/webshop\/19.0\/index.php?shop_id=Z0lsUgANz4IZ1UucV68Gcg==&amp;user_id=Z0lsUgANxoK8gEtqQ7Ge0w==&amp;&amp;site=startpage\" target=\"_blank\" rel=\"noopener noreferrer\"><img loading=\"lazy\" decoding=\"async\" class=\"alignnone wp-image-249 size-thumbnail\" src=\"https:\/\/weingutschreiber.de\/wp-content\/uploads\/2016\/12\/Button-zum-Shop-150x150.png\" alt=\"\" width=\"150\" height=\"150\" srcset=\"https:\/\/weingutschreiber.de\/wp-content\/uploads\/2016\/12\/Button-zum-Shop-150x150.png 150w, https:\/\/weingutschreiber.de\/wp-content\/uploads\/2016\/12\/Button-zum-Shop-300x300.png 300w, https:\/\/weingutschreiber.de\/wp-content\/uploads\/2016\/12\/Button-zum-Shop-100x100.png 100w, https:\/\/weingutschreiber.de\/wp-content\/uploads\/2016\/12\/Button-zum-Shop.png 478w\" sizes=\"auto, (max-width: 150px) 100vw, 150px\" \/><\/a><\/p>\n","protected":false},"excerpt":{"rendered":"<p>WILLKOMMEN Wir begr\u00fc\u00dfen Sie im Weingut Dr. Schreiber Ankommen \u2013 Erleben \u2013 Genie\u00dfen Im Weingut Dr. Schreiber k\u00f6nnen Sie in ganz unkomplizierter Atmosph\u00e4re Weine und Sekte von besonderer Qualit\u00e4t genie\u00dfen. Ob Gutsweine, Ortweine oder die besonderen Lagenweine, alle Weine stehen zum Verkosten bereit. Drei Generationen, ein gemeinsames Ziel: Elsbeth und Hans-Helmut Schreiber, Carmen und Andreas &hellip; <\/p>\n<p class=\"link-more\"><a href=\"https:\/\/weingutschreiber.de\/\" class=\"more-link\"><span class=\"screen-reader-text\">\u201eWillkommen\u201c<\/span> weiterlesen<\/a><\/p>\n","protected":false},"author":1,"featured_media":533,"parent":0,"menu_order":0,"comment_status":"closed","ping_status":"closed","template":"","meta":{"footnotes":""},"class_list":["post-19","page","type-page","status-publish","has-post-thumbnail","hentry"],"_links":{"self":[{"href":"https:\/\/weingutschreiber.de\/index.php?rest_route=\/wp\/v2\/pages\/19","targetHints":{"allow":["GET"]}}],"collection":[{"href":"https:\/\/weingutschreiber.de\/index.php?rest_route=\/wp\/v2\/pages"}],"about":[{"href":"https:\/\/weingutschreiber.de\/index.php?rest_route=\/wp\/v2\/types\/page"}],"author":[{"embeddable":true,"href":"https:\/\/weingutschreiber.de\/index.php?rest_route=\/wp\/v2\/users\/1"}],"replies":[{"embeddable":true,"href":"https:\/\/weingutschreiber.de\/index.php?rest_route=%2Fwp%2Fv2%2Fcomments&post=19"}],"version-history":[{"count":77,"href":"https:\/\/weingutschreiber.de\/index.php?rest_route=\/wp\/v2\/pages\/19\/revisions"}],"predecessor-version":[{"id":849,"href":"https:\/\/weingutschreiber.de\/index.php?rest_route=\/wp\/v2\/pages\/19\/revisions\/849"}],"wp:featuredmedia":[{"embeddable":true,"href":"https:\/\/weingutschreiber.de\/index.php?rest_route=\/wp\/v2\/media\/533"}],"wp:attachment":[{"href":"https:\/\/weingutschreiber.de\/index.php?rest_route=%2Fwp%2Fv2%2Fmedia&parent=19"}],"curies":[{"name":"wp","href":"https:\/\/api.w.org\/{rel}","templated":true}]}}